{"id":11,"date":"2022-03-07T20:41:21","date_gmt":"2022-03-07T19:41:21","guid":{"rendered":"https:\/\/riseup-gn.com\/?page_id=11"},"modified":"2024-07-03T13:50:11","modified_gmt":"2024-07-03T11:50:11","slug":"a-propos-de","status":"publish","type":"page","link":"https:\/\/riseup-gn.com\/index.php\/a-propos-de\/","title":{"rendered":"\u00c0 propos"},"content":{"rendered":"<style>\/*! elementor - v3.7.8 - 02-10-2022 *\/\n.elementor-widget-image{text-align:center}.elementor-widget-image a{display:inline-block}.elementor-widget-image a img[src$=\".svg\"]{width:48px}.elementor-widget-image img{vertical-align:middle;display:inline-block}<\/style>\t\t\t\t\t\t\t\t\t\t\t\t<img data-recalc-dims=\"1\" loading=\"lazy\" decoding=\"async\" width=\"1024\" height=\"322\" src=\"https:\/\/i0.wp.com\/riseup-gn.com\/wp-content\/uploads\/2022\/10\/2.jpeg?resize=1024%2C322&#038;ssl=1\" alt=\"\" loading=\"lazy\" srcset=\"https:\/\/riseup-gn.com\/wp-content\/uploads\/2022\/10\/2-1024x322.jpeg 1024w, https:\/\/riseup-gn.com\/wp-content\/uploads\/2022\/10\/2-300x94.jpeg 300w, https:\/\/riseup-gn.com\/wp-content\/uploads\/2022\/10\/2-768x241.jpeg 768w, https:\/\/riseup-gn.com\/wp-content\/uploads\/2022\/10\/2.jpeg 1210w\" sizes=\"auto, (max-width: 1024px) 100vw, 1024px\" \/>\t\t\t\t\t\t\t\t\t\t\t\t\t\t\t\n\t\t<p>\u00a0<\/p>\n<p>Rise \u2019Up Communication est une SARL unipersonnelle compos\u00e9e<\/p>\n<p>d\u2019une \u00e9quipe de jeunes dynamiques et exp\u00e9riment\u00e9s pr\u00eate \u00e0 \u00e9tablir<\/p>\n<p>\u00a0un partenariat\u00a0 gagnant-gagnant.<\/p>\n<p>Nous intervenons\u00a0 dans les domaines d\u2019activit\u00e9s suivantes:<\/p>\n<p>MARKETING DIGITAL<\/p>\n<p>MARKETING OPERATIONNEL<\/p>\n<p>TRADE MARKETING<\/p>\n<p>DECORATION PUBLICITAIRE ET INFOGRAPHIE<\/p>\n<p>CONSEIL COMMUNICATION<\/p>\n<p>PRINT SUR TOUS SUPPORTS<\/p>\n<p>PRODUCTION AUDIOVISUEL<\/p>\n<p>EVENEMENTIEL<\/p>\n\n\n\n\n\n\n\n","protected":false},"excerpt":{"rendered":"<p>\u00a0 Rise \u2019Up Communication est une SARL unipersonnelle compos\u00e9e d\u2019une \u00e9quipe de jeunes dynamiques et exp\u00e9riment\u00e9s pr\u00eate \u00e0 \u00e9tablir \u00a0un partenariat\u00a0 gagnant-gagnant. Nous intervenons\u00a0 dans les domaines d\u2019activit\u00e9s suivantes: MARKETING DIGITAL MARKETING OPERATIONNEL TRADE MARKETING DECORATION PUBLICITAIRE ET INFOGRAPHIE CONSEIL COMMUNICATION PRINT SUR TOUS SUPPORTS PRODUCTION AUDIOVISUEL EVENEMENTIEL<\/p>\n","protected":false},"author":1,"featured_media":0,"parent":0,"menu_order":0,"comment_status":"closed","ping_status":"closed","template":"","meta":{"_crdt_document":"","advanced_seo_description":"","jetpack_seo_html_title":"","jetpack_seo_noindex":false,"jetpack_post_was_ever_published":false,"footnotes":""},"class_list":["post-11","page","type-page","status-publish","hentry"],"jetpack-related-posts":[],"jetpack_shortlink":"https:\/\/wp.me\/PeCXML-b","jetpack_sharing_enabled":true,"_links":{"self":[{"href":"https:\/\/riseup-gn.com\/index.php\/wp-json\/wp\/v2\/pages\/11","targetHints":{"allow":["GET"]}}],"collection":[{"href":"https:\/\/riseup-gn.com\/index.php\/wp-json\/wp\/v2\/pages"}],"about":[{"href":"https:\/\/riseup-gn.com\/index.php\/wp-json\/wp\/v2\/types\/page"}],"author":[{"embeddable":true,"href":"https:\/\/riseup-gn.com\/index.php\/wp-json\/wp\/v2\/users\/1"}],"replies":[{"embeddable":true,"href":"https:\/\/riseup-gn.com\/index.php\/wp-json\/wp\/v2\/comments?post=11"}],"version-history":[{"count":49,"href":"https:\/\/riseup-gn.com\/index.php\/wp-json\/wp\/v2\/pages\/11\/revisions"}],"predecessor-version":[{"id":688,"href":"https:\/\/riseup-gn.com\/index.php\/wp-json\/wp\/v2\/pages\/11\/revisions\/688"}],"wp:attachment":[{"href":"https:\/\/riseup-gn.com\/index.php\/wp-json\/wp\/v2\/media?parent=11"}],"curies":[{"name":"wp","href":"https:\/\/api.w.org\/{rel}","templated":true}]}}