{"id":523,"date":"2022-10-03T16:03:15","date_gmt":"2022-10-03T14:03:15","guid":{"rendered":"https:\/\/riseup-gn.com\/?page_id=523"},"modified":"2023-04-25T14:38:41","modified_gmt":"2023-04-25T12:38:41","slug":"la-communication-digitale","status":"publish","type":"page","link":"https:\/\/riseup-gn.com\/index.php\/nos-domaines-dactions\/la-communication-digitale\/","title":{"rendered":"La communication digitale\u00a0"},"content":{"rendered":"\n<figure class=\"wp-block-image size-large\"><img data-recalc-dims=\"1\" fetchpriority=\"high\" decoding=\"async\" width=\"1024\" height=\"511\" src=\"https:\/\/i0.wp.com\/riseup-gn.com\/wp-content\/uploads\/2023\/04\/MDIGITAL.jpg?resize=1024%2C511&#038;ssl=1\" alt=\"\" class=\"wp-image-1576\" srcset=\"https:\/\/i0.wp.com\/riseup-gn.com\/wp-content\/uploads\/2023\/04\/MDIGITAL-scaled.jpg?resize=1024%2C511&amp;ssl=1 1024w, https:\/\/i0.wp.com\/riseup-gn.com\/wp-content\/uploads\/2023\/04\/MDIGITAL-scaled.jpg?resize=300%2C150&amp;ssl=1 300w, https:\/\/i0.wp.com\/riseup-gn.com\/wp-content\/uploads\/2023\/04\/MDIGITAL-scaled.jpg?resize=768%2C384&amp;ssl=1 768w, https:\/\/i0.wp.com\/riseup-gn.com\/wp-content\/uploads\/2023\/04\/MDIGITAL-scaled.jpg?resize=1536%2C767&amp;ssl=1 1536w, https:\/\/i0.wp.com\/riseup-gn.com\/wp-content\/uploads\/2023\/04\/MDIGITAL-scaled.jpg?resize=2048%2C1023&amp;ssl=1 2048w, https:\/\/i0.wp.com\/riseup-gn.com\/wp-content\/uploads\/2023\/04\/MDIGITAL-scaled.jpg?resize=1320%2C659&amp;ssl=1 1320w\" sizes=\"(max-width: 1000px) 100vw, 1000px\" \/><\/figure>\n\n\n\n<p class=\"wp-block-paragraph\">Nous accompagnons les PME, Entreprises, ONG, Institutions publiques et priv\u00e9es, Grossistes, Boutiquiers, Restaurateurs, Commer\u00e7ants et autres \u00e0 d\u00e9velopper leurs ventes, leurs marques professionnelles et leurs notori\u00e9t\u00e9s sur les r\u00e9seaux sociaux et sur le web. Nous offrons des services de&nbsp;: Community management, Web d\u00e9veloppement, Web design et E-commerce avec une \u00e9quipe de jeunes cadres tr\u00e8s dynamiques capables de booster vos activit\u00e9s de fa\u00e7on SMART.<\/p>\n","protected":false},"excerpt":{"rendered":"<p>Nous accompagnons les PME, Entreprises, ONG, Institutions publiques et priv\u00e9es, Grossistes, Boutiquiers, Restaurateurs, Commer\u00e7ants et autres \u00e0 d\u00e9velopper leurs ventes, leurs marques professionnelles et leurs notori\u00e9t\u00e9s sur les r\u00e9seaux sociaux et sur le web. Nous offrons des services de&nbsp;: Community management, Web d\u00e9veloppement, Web design et E-commerce avec une \u00e9quipe de jeunes cadres tr\u00e8s dynamiques [&hellip;]<\/p>\n","protected":false},"author":1,"featured_media":0,"parent":501,"menu_order":0,"comment_status":"closed","ping_status":"closed","template":"","meta":{"_crdt_document":"","advanced_seo_description":"","jetpack_seo_html_title":"","jetpack_seo_noindex":false,"jetpack_post_was_ever_published":false,"footnotes":""},"class_list":["post-523","page","type-page","status-publish","hentry"],"jetpack-related-posts":[],"jetpack_shortlink":"https:\/\/wp.me\/PeCXML-8r","jetpack_sharing_enabled":true,"_links":{"self":[{"href":"https:\/\/riseup-gn.com\/index.php\/wp-json\/wp\/v2\/pages\/523","targetHints":{"allow":["GET"]}}],"collection":[{"href":"https:\/\/riseup-gn.com\/index.php\/wp-json\/wp\/v2\/pages"}],"about":[{"href":"https:\/\/riseup-gn.com\/index.php\/wp-json\/wp\/v2\/types\/page"}],"author":[{"embeddable":true,"href":"https:\/\/riseup-gn.com\/index.php\/wp-json\/wp\/v2\/users\/1"}],"replies":[{"embeddable":true,"href":"https:\/\/riseup-gn.com\/index.php\/wp-json\/wp\/v2\/comments?post=523"}],"version-history":[{"count":4,"href":"https:\/\/riseup-gn.com\/index.php\/wp-json\/wp\/v2\/pages\/523\/revisions"}],"predecessor-version":[{"id":1578,"href":"https:\/\/riseup-gn.com\/index.php\/wp-json\/wp\/v2\/pages\/523\/revisions\/1578"}],"up":[{"embeddable":true,"href":"https:\/\/riseup-gn.com\/index.php\/wp-json\/wp\/v2\/pages\/501"}],"wp:attachment":[{"href":"https:\/\/riseup-gn.com\/index.php\/wp-json\/wp\/v2\/media?parent=523"}],"curies":[{"name":"wp","href":"https:\/\/api.w.org\/{rel}","templated":true}]}}