{"id":769,"date":"2022-10-10T12:54:54","date_gmt":"2022-10-10T10:54:54","guid":{"rendered":"https:\/\/riseup-gn.com\/?page_id=769"},"modified":"2025-07-08T15:33:29","modified_gmt":"2025-07-08T13:33:29","slug":"festival-de-la-gastronomie","status":"publish","type":"page","link":"https:\/\/riseup-gn.com\/index.php\/festival-de-la-gastronomie\/","title":{"rendered":"Festival de la Gastronomie Africaine de Conakry"},"content":{"rendered":"\n<p class=\"wp-block-paragraph\">La Guin\u00e9e, regorge de tr\u00e9sors <strong>gastronomiques<\/strong> et de traditions culinaires tr\u00e8s riches et vari\u00e9s suivant ses 4 r\u00e9gions naturelles mais peu connus de par le monde et des peuples Africains.<\/p>\n\n\n\n<p class=\"wp-block-paragraph\">Ce festival est donc organis\u00e9 pour non seulement montrer au monde entier et \u00e0 l&rsquo;Afrique en particulier, notre savoir faire culinaire \u00e0 travers nos d\u00e9licieux mets, mais \u00e9galement c\u00e9l\u00e9brer l\u2019int\u00e9gration socioculturelle des peuples Africains r\u00e9sidants en Guin\u00e9e;<\/p>\n\n\n\n<p class=\"wp-block-paragraph\">C\u2019est ainsi, les structures organisatrices <strong><em>Borimaince prod<\/em><\/strong> et <strong><em>Rise up \u00e9vent<\/em><\/strong> ont d\u00e9cid\u00e9 de lancer cette 1<sup>\u00e8re<\/sup> \u00e9dition pour d\u00e9montrer au monde entier la beaut\u00e9 et la diversit\u00e9 de notre cher pays en particulier et du continent Africain en g\u00e9n\u00e9ral. Il s&rsquo;est donc tenu les 31, Mai au 02 Juin dernier au Belv\u00e9d\u00e8re avec la participation de 11 pays d\u2019Afrique de l\u2019Ouest et du centre \u00e0 travers leurs repr\u00e9sentants r\u00e9sidants.<\/p>\n\n\n\n<p class=\"wp-block-paragraph\"><strong>Quelques images de la 2\u00e8me \u00e9dition du 25 au 27 Avril 2025 au <\/strong>Stade Nongo de Conakry <a href=\"https:\/\/www.facebook.com\/p\/Festival-de-la-Gastronomie-Africaine-Conakry-100085660328862\/\">https:\/\/www.facebook.com\/p\/Festival-de-la-Gastronomie-Africaine-Conakry-100085660328862\/<\/a><\/p>\n\n\n\n<div class=\"wp-block-jetpack-tiled-gallery aligncenter is-style-rectangular\"><div class=\"\"><div class=\"tiled-gallery__gallery\"><div class=\"tiled-gallery__row\"><div class=\"tiled-gallery__col\" style=\"flex-basis:100.00000%\"><figure class=\"tiled-gallery__item\"><img decoding=\"async\" srcset=\"https:\/\/i0.wp.com\/riseup-gn.com\/wp-content\/uploads\/2025\/07\/e5ca4080-da3b-45f0-8c27-326d618a1e7d.jpeg?strip=info&#038;w=600&#038;ssl=1 600w,https:\/\/i0.wp.com\/riseup-gn.com\/wp-content\/uploads\/2025\/07\/e5ca4080-da3b-45f0-8c27-326d618a1e7d.jpeg?strip=info&#038;w=900&#038;ssl=1 900w,https:\/\/i0.wp.com\/riseup-gn.com\/wp-content\/uploads\/2025\/07\/e5ca4080-da3b-45f0-8c27-326d618a1e7d.jpeg?strip=info&#038;w=960&#038;ssl=1 960w\" alt=\"\" data-height=\"626\" data-id=\"2021\" data-link=\"https:\/\/riseup-gn.com\/index.php\/festival-de-la-gastronomie\/e5ca4080-da3b-45f0-8c27-326d618a1e7d\/\" data-url=\"https:\/\/riseup-gn.com\/wp-content\/uploads\/2025\/07\/e5ca4080-da3b-45f0-8c27-326d618a1e7d.jpeg\" data-width=\"960\" src=\"https:\/\/i0.wp.com\/riseup-gn.com\/wp-content\/uploads\/2025\/07\/e5ca4080-da3b-45f0-8c27-326d618a1e7d.jpeg?ssl=1\" data-amp-layout=\"responsive\"\/><\/figure><\/div><\/div><\/div><\/div><\/div>\n\n\n\n<p class=\"has-text-align-center wp-block-paragraph\"><strong>Quelques images de la 1\u00e8re \u00e9dition du 31 Mai au 02 Juin 2024 au Belv\u00e9d\u00e8re<\/strong><\/p>\n\n\n\n<figure class=\"wp-block-gallery has-nested-images columns-default is-cropped wp-block-gallery-1 is-layout-flex wp-block-gallery-is-layout-flex\">\n<figure class=\"wp-block-image size-large\"><img data-recalc-dims=\"1\" fetchpriority=\"high\" decoding=\"async\" width=\"1024\" height=\"683\" data-id=\"1771\" src=\"https:\/\/i0.wp.com\/riseup-gn.com\/wp-content\/uploads\/2024\/07\/M74A111725.jpg?resize=1024%2C683&#038;ssl=1\" alt=\"\" class=\"wp-image-1771\" srcset=\"https:\/\/i0.wp.com\/riseup-gn.com\/wp-content\/uploads\/2024\/07\/M74A111725-scaled.jpg?resize=1024%2C683&amp;ssl=1 1024w, https:\/\/i0.wp.com\/riseup-gn.com\/wp-content\/uploads\/2024\/07\/M74A111725-scaled.jpg?resize=300%2C200&amp;ssl=1 300w, https:\/\/i0.wp.com\/riseup-gn.com\/wp-content\/uploads\/2024\/07\/M74A111725-scaled.jpg?resize=768%2C512&amp;ssl=1 768w, https:\/\/i0.wp.com\/riseup-gn.com\/wp-content\/uploads\/2024\/07\/M74A111725-scaled.jpg?resize=1536%2C1024&amp;ssl=1 1536w, https:\/\/i0.wp.com\/riseup-gn.com\/wp-content\/uploads\/2024\/07\/M74A111725-scaled.jpg?resize=2048%2C1365&amp;ssl=1 2048w, https:\/\/i0.wp.com\/riseup-gn.com\/wp-content\/uploads\/2024\/07\/M74A111725-scaled.jpg?resize=1320%2C880&amp;ssl=1 1320w\" sizes=\"(max-width: 1000px) 100vw, 1000px\" \/><\/figure>\n<\/figure>\n\n\n\n<p class=\"wp-block-paragraph\"><\/p>\n\n\n\n<div class=\"wp-block-jetpack-tiled-gallery aligncenter is-style-rectangular\"><div class=\"\"><div class=\"tiled-gallery__gallery\"><div class=\"tiled-gallery__row\"><div class=\"tiled-gallery__col\" style=\"flex-basis:66.78742%\"><figure class=\"tiled-gallery__item\"><img decoding=\"async\" srcset=\"https:\/\/i0.wp.com\/riseup-gn.com\/wp-content\/uploads\/2024\/06\/M74A21574-1024x683.jpg?strip=info&#038;w=600&#038;ssl=1 600w,https:\/\/i0.wp.com\/riseup-gn.com\/wp-content\/uploads\/2024\/06\/M74A21574-1024x683.jpg?strip=info&#038;w=900&#038;ssl=1 900w,https:\/\/i0.wp.com\/riseup-gn.com\/wp-content\/uploads\/2024\/06\/M74A21574-1024x683.jpg?strip=info&#038;w=1200&#038;ssl=1 1200w,https:\/\/i0.wp.com\/riseup-gn.com\/wp-content\/uploads\/2024\/06\/M74A21574-1024x683.jpg?strip=info&#038;w=1500&#038;ssl=1 1500w,https:\/\/i0.wp.com\/riseup-gn.com\/wp-content\/uploads\/2024\/06\/M74A21574-1024x683.jpg?strip=info&#038;w=1800&#038;ssl=1 1800w,https:\/\/i0.wp.com\/riseup-gn.com\/wp-content\/uploads\/2024\/06\/M74A21574-1024x683.jpg?strip=info&#038;w=2000&#038;ssl=1 2000w\" alt=\"\" data-height=\"1707\" data-id=\"1713\" data-link=\"https:\/\/riseup-gn.com\/index.php\/festivals__trashed\/festival-de-la-gastronomie\/m74a21574\/\" data-url=\"https:\/\/riseup-gn.com\/wp-content\/uploads\/2024\/06\/M74A21574-1024x683.jpg\" data-width=\"2560\" src=\"https:\/\/i0.wp.com\/riseup-gn.com\/wp-content\/uploads\/2024\/06\/M74A21574-1024x683.jpg?ssl=1\" data-amp-layout=\"responsive\"\/><\/figure><\/div><div class=\"tiled-gallery__col\" style=\"flex-basis:33.21258%\"><figure class=\"tiled-gallery__item\"><img decoding=\"async\" srcset=\"https:\/\/i0.wp.com\/riseup-gn.com\/wp-content\/uploads\/2024\/06\/M74A347718-1024x683.jpg?strip=info&#038;w=600&#038;ssl=1 600w,https:\/\/i0.wp.com\/riseup-gn.com\/wp-content\/uploads\/2024\/06\/M74A347718-1024x683.jpg?strip=info&#038;w=900&#038;ssl=1 900w,https:\/\/i0.wp.com\/riseup-gn.com\/wp-content\/uploads\/2024\/06\/M74A347718-1024x683.jpg?strip=info&#038;w=1200&#038;ssl=1 1200w,https:\/\/i0.wp.com\/riseup-gn.com\/wp-content\/uploads\/2024\/06\/M74A347718-1024x683.jpg?strip=info&#038;w=1500&#038;ssl=1 1500w,https:\/\/i0.wp.com\/riseup-gn.com\/wp-content\/uploads\/2024\/06\/M74A347718-1024x683.jpg?strip=info&#038;w=1800&#038;ssl=1 1800w,https:\/\/i0.wp.com\/riseup-gn.com\/wp-content\/uploads\/2024\/06\/M74A347718-1024x683.jpg?strip=info&#038;w=2000&#038;ssl=1 2000w\" alt=\"\" data-height=\"1707\" data-id=\"1716\" data-link=\"https:\/\/riseup-gn.com\/index.php\/festivals__trashed\/festival-de-la-gastronomie\/m74a347718\/\" data-url=\"https:\/\/riseup-gn.com\/wp-content\/uploads\/2024\/06\/M74A347718-1024x683.jpg\" data-width=\"2560\" src=\"https:\/\/i0.wp.com\/riseup-gn.com\/wp-content\/uploads\/2024\/06\/M74A347718-1024x683.jpg?ssl=1\" data-amp-layout=\"responsive\"\/><\/figure><figure class=\"tiled-gallery__item\"><img decoding=\"async\" srcset=\"https:\/\/i0.wp.com\/riseup-gn.com\/wp-content\/uploads\/2024\/06\/M74A358551-1-1024x683.jpg?strip=info&#038;w=600&#038;ssl=1 600w,https:\/\/i0.wp.com\/riseup-gn.com\/wp-content\/uploads\/2024\/06\/M74A358551-1-1024x683.jpg?strip=info&#038;w=900&#038;ssl=1 900w,https:\/\/i0.wp.com\/riseup-gn.com\/wp-content\/uploads\/2024\/06\/M74A358551-1-1024x683.jpg?strip=info&#038;w=1200&#038;ssl=1 1200w,https:\/\/i0.wp.com\/riseup-gn.com\/wp-content\/uploads\/2024\/06\/M74A358551-1-1024x683.jpg?strip=info&#038;w=1500&#038;ssl=1 1500w,https:\/\/i0.wp.com\/riseup-gn.com\/wp-content\/uploads\/2024\/06\/M74A358551-1-1024x683.jpg?strip=info&#038;w=1800&#038;ssl=1 1800w,https:\/\/i0.wp.com\/riseup-gn.com\/wp-content\/uploads\/2024\/06\/M74A358551-1-1024x683.jpg?strip=info&#038;w=2000&#038;ssl=1 2000w\" alt=\"\" data-height=\"1707\" data-id=\"1721\" data-link=\"https:\/\/riseup-gn.com\/index.php\/festivals__trashed\/festival-de-la-gastronomie\/m74a358551-1\/\" data-url=\"https:\/\/riseup-gn.com\/wp-content\/uploads\/2024\/06\/M74A358551-1-1024x683.jpg\" data-width=\"2560\" src=\"https:\/\/i0.wp.com\/riseup-gn.com\/wp-content\/uploads\/2024\/06\/M74A358551-1-1024x683.jpg?ssl=1\" data-amp-layout=\"responsive\"\/><\/figure><\/div><\/div><div class=\"tiled-gallery__row\"><div class=\"tiled-gallery__col\" style=\"flex-basis:100.00000%\"><figure class=\"tiled-gallery__item\"><img decoding=\"async\" srcset=\"https:\/\/i0.wp.com\/riseup-gn.com\/wp-content\/uploads\/2024\/07\/M74A06074-1024x662.jpg?strip=info&#038;w=600&#038;ssl=1 600w,https:\/\/i0.wp.com\/riseup-gn.com\/wp-content\/uploads\/2024\/07\/M74A06074-1024x662.jpg?strip=info&#038;w=900&#038;ssl=1 900w,https:\/\/i0.wp.com\/riseup-gn.com\/wp-content\/uploads\/2024\/07\/M74A06074-1024x662.jpg?strip=info&#038;w=1200&#038;ssl=1 1200w,https:\/\/i0.wp.com\/riseup-gn.com\/wp-content\/uploads\/2024\/07\/M74A06074-1024x662.jpg?strip=info&#038;w=1500&#038;ssl=1 1500w,https:\/\/i0.wp.com\/riseup-gn.com\/wp-content\/uploads\/2024\/07\/M74A06074-1024x662.jpg?strip=info&#038;w=1800&#038;ssl=1 1800w,https:\/\/i0.wp.com\/riseup-gn.com\/wp-content\/uploads\/2024\/07\/M74A06074-1024x662.jpg?strip=info&#038;w=2000&#038;ssl=1 2000w\" alt=\"\" data-height=\"1654\" data-id=\"1772\" data-link=\"https:\/\/riseup-gn.com\/index.php\/festivals__trashed\/festival-de-la-gastronomie\/m74a06074\/\" data-url=\"https:\/\/riseup-gn.com\/wp-content\/uploads\/2024\/07\/M74A06074-1024x662.jpg\" data-width=\"2560\" src=\"https:\/\/i0.wp.com\/riseup-gn.com\/wp-content\/uploads\/2024\/07\/M74A06074-1024x662.jpg?ssl=1\" data-amp-layout=\"responsive\"\/><\/figure><\/div><\/div><\/div><\/div><\/div>\n\n\n\n<p class=\"wp-block-paragraph\"><\/p>\n","protected":false},"excerpt":{"rendered":"<p>La Guin\u00e9e, regorge de tr\u00e9sors gastronomiques et de traditions culinaires tr\u00e8s riches et vari\u00e9s suivant ses 4 r\u00e9gions naturelles mais peu connus de par le monde et des peuples Africains. Ce festival est donc organis\u00e9 pour non seulement montrer au monde entier et \u00e0 l&rsquo;Afrique en particulier, notre savoir faire culinaire \u00e0 travers nos d\u00e9licieux [&hellip;]<\/p>\n","protected":false},"author":1,"featured_media":0,"parent":0,"menu_order":0,"comment_status":"closed","ping_status":"closed","template":"","meta":{"_crdt_document":"","advanced_seo_description":"","jetpack_seo_html_title":"","jetpack_seo_noindex":false,"jetpack_post_was_ever_published":false,"footnotes":""},"class_list":["post-769","page","type-page","status-publish","hentry"],"jetpack-related-posts":[],"jetpack_shortlink":"https:\/\/wp.me\/PeCXML-cp","jetpack_sharing_enabled":true,"_links":{"self":[{"href":"https:\/\/riseup-gn.com\/index.php\/wp-json\/wp\/v2\/pages\/769","targetHints":{"allow":["GET"]}}],"collection":[{"href":"https:\/\/riseup-gn.com\/index.php\/wp-json\/wp\/v2\/pages"}],"about":[{"href":"https:\/\/riseup-gn.com\/index.php\/wp-json\/wp\/v2\/types\/page"}],"author":[{"embeddable":true,"href":"https:\/\/riseup-gn.com\/index.php\/wp-json\/wp\/v2\/users\/1"}],"replies":[{"embeddable":true,"href":"https:\/\/riseup-gn.com\/index.php\/wp-json\/wp\/v2\/comments?post=769"}],"version-history":[{"count":15,"href":"https:\/\/riseup-gn.com\/index.php\/wp-json\/wp\/v2\/pages\/769\/revisions"}],"predecessor-version":[{"id":2024,"href":"https:\/\/riseup-gn.com\/index.php\/wp-json\/wp\/v2\/pages\/769\/revisions\/2024"}],"wp:attachment":[{"href":"https:\/\/riseup-gn.com\/index.php\/wp-json\/wp\/v2\/media?parent=769"}],"curies":[{"name":"wp","href":"https:\/\/api.w.org\/{rel}","templated":true}]}}