{"id":791,"date":"2022-10-10T13:19:50","date_gmt":"2022-10-10T11:19:50","guid":{"rendered":"https:\/\/riseup-gn.com\/?page_id=791"},"modified":"2025-02-03T17:23:30","modified_gmt":"2025-02-03T16:23:30","slug":"blog","status":"publish","type":"page","link":"https:\/\/riseup-gn.com\/index.php\/blog\/","title":{"rendered":"Blog"},"content":{"rendered":"\n<h1 class=\"wp-block-heading\"><strong>Pourquoi vous devrez nous faire confiance?<\/strong><\/h1>\n\n\n\n<h2 class=\"wp-block-heading\">Qui sommes-nous ?<\/h2>\n\n\n\n<p class=\"wp-block-paragraph\"><strong>Rise \u2019Up communication<\/strong> est une SARL unipersonnelle \u00e9voluant dans la communication et le marketing en Guin\u00e9e depuis 2016.\u00a0 Elle est situ\u00e9e \u00e0 Conakry, commune de Lambanyi, pr\u00e8s de la station Shell Immeuble Laboratoire Dr YALANI.<\/p>\n\n\n\n<p class=\"wp-block-paragraph\">Elle est compos\u00e9e d&rsquo;une \u00e9quipe de jeunes cadres dynamiques, polyvalents et comp\u00e9tents capables de relever tous les d\u00e9fis dans le champ de la communication et du marketing avec professionnalisme.<\/p>\n\n\n\n<p class=\"wp-block-paragraph\"><strong> Nos domaines d&rsquo;intervention :<\/strong><\/p>\n\n\n\n<figure class=\"wp-block-image size-large\"><img data-recalc-dims=\"1\" fetchpriority=\"high\" decoding=\"async\" width=\"1024\" height=\"579\" src=\"https:\/\/i0.wp.com\/riseup-gn.com\/wp-content\/uploads\/2023\/03\/ok-1.jpg?resize=1024%2C579&#038;ssl=1\" alt=\"\" class=\"wp-image-1557\" srcset=\"https:\/\/i0.wp.com\/riseup-gn.com\/wp-content\/uploads\/2023\/03\/ok-1.jpg?resize=1024%2C579&amp;ssl=1 1024w, https:\/\/i0.wp.com\/riseup-gn.com\/wp-content\/uploads\/2023\/03\/ok-1.jpg?resize=300%2C170&amp;ssl=1 300w, https:\/\/i0.wp.com\/riseup-gn.com\/wp-content\/uploads\/2023\/03\/ok-1.jpg?resize=768%2C434&amp;ssl=1 768w, https:\/\/i0.wp.com\/riseup-gn.com\/wp-content\/uploads\/2023\/03\/ok-1.jpg?resize=1536%2C868&amp;ssl=1 1536w, https:\/\/i0.wp.com\/riseup-gn.com\/wp-content\/uploads\/2023\/03\/ok-1.jpg?resize=1320%2C746&amp;ssl=1 1320w, https:\/\/i0.wp.com\/riseup-gn.com\/wp-content\/uploads\/2023\/03\/ok-1.jpg?w=1600&amp;ssl=1 1600w\" sizes=\"(max-width: 1000px) 100vw, 1000px\" \/><\/figure>\n\n\n\n<h2 class=\"wp-block-heading\">Notre expertise ?<\/h2>\n\n\n\n<p class=\"wp-block-paragraph\">Agence de communication globale, Rise up Guin\u00e9e offre son savoir-faire pour vous accompagner de votre strat\u00e9gie de communication \u00e0 l\u2019\u00e9laboration de vos supports.<\/p>\n\n\n\n<p class=\"wp-block-paragraph\"><strong>&#8211; Notre vision :<\/strong> offrir \u00e0 nos clients une communication sans cesse r\u00e9invent\u00e9e<\/p>\n\n\n\n<p class=\"wp-block-paragraph\"><strong>&#8211; Notre m\u00e9tier :<\/strong> Identifier vos besoins, vos cibles, cr\u00e9er des messages adapt\u00e9s \u00e0 vos objectifs et les mettre en forme de mani\u00e8re pertinente et cr\u00e9ative.<\/p>\n\n\n\n<p class=\"wp-block-paragraph\"><strong>&#8211; Nos supports de pr\u00e9dilections&nbsp;<\/strong>: les medias et hors medias.<\/p>\n\n\n\n<p class=\"wp-block-paragraph\"><strong>&#8211; Dommaine de comp\u00e9tence:<\/strong> Comme il n\u2019existe pas de communication sans d\u00e9marche globale, nous vous apportons notre expertise dans tous les domaines de la communication :<\/p>\n\n\n\n<p class=\"wp-block-paragraph\"> &#8211; Conseils, strat\u00e9giques en communication, Ev\u00e9nementielle, Edition, Impression et broderie textile, Production audiovisuelle, Marketing digital, Pige M\u00e9dias\u00a0<\/p>\n\n\n\n<p class=\"wp-block-paragraph\">Nous vous guidons sur le fond de votre d\u00e9marche et assurons sa mise en forme professionnelle .<\/p>\n\n\n\n<h2 class=\"wp-block-heading has-text-align-left\">Souscrivez \u00e0 notre Offre digitale pour les PME<\/h2>\n\n\n\n<figure class=\"wp-block-gallery has-nested-images columns-default is-cropped wp-block-gallery-1 is-layout-flex wp-block-gallery-is-layout-flex\">\n<figure class=\"wp-block-image size-large\"><img data-recalc-dims=\"1\" decoding=\"async\" width=\"731\" height=\"1024\" data-id=\"1559\" src=\"https:\/\/i0.wp.com\/riseup-gn.com\/wp-content\/uploads\/2023\/03\/FLYER-RISE-A-1.jpg?resize=731%2C1024&#038;ssl=1\" alt=\"\" class=\"wp-image-1559\" srcset=\"https:\/\/i0.wp.com\/riseup-gn.com\/wp-content\/uploads\/2023\/03\/FLYER-RISE-A-1-scaled.jpg?resize=731%2C1024&amp;ssl=1 731w, https:\/\/i0.wp.com\/riseup-gn.com\/wp-content\/uploads\/2023\/03\/FLYER-RISE-A-1-scaled.jpg?resize=214%2C300&amp;ssl=1 214w, https:\/\/i0.wp.com\/riseup-gn.com\/wp-content\/uploads\/2023\/03\/FLYER-RISE-A-1-scaled.jpg?resize=768%2C1076&amp;ssl=1 768w, https:\/\/i0.wp.com\/riseup-gn.com\/wp-content\/uploads\/2023\/03\/FLYER-RISE-A-1-scaled.jpg?resize=1096%2C1536&amp;ssl=1 1096w, https:\/\/i0.wp.com\/riseup-gn.com\/wp-content\/uploads\/2023\/03\/FLYER-RISE-A-1-scaled.jpg?w=1827&amp;ssl=1 1827w\" sizes=\"(max-width: 731px) 100vw, 731px\" \/><figcaption class=\"wp-element-caption\">flyer<\/figcaption><\/figure>\n<\/figure>\n\n\n\n<p class=\"wp-block-paragraph\">Quand les pros s&rsquo;en m\u00ealent&#8230;<\/p>\n\n\n\n<h2 class=\"wp-block-heading\"><\/h2>\n\n\n\n<p class=\"wp-block-paragraph\"><a href=\"https:\/\/www.facebook.com\/RiseUpGN\/\"><\/a><\/p>\n\n\n\n<p class=\"wp-block-paragraph\"><a href=\"https:\/\/www.instagram.com\/rise_upguinee\/\"><\/a><\/p>\n\n\n\n<p class=\"wp-block-paragraph\"><\/p>\n","protected":false},"excerpt":{"rendered":"<p>Pourquoi vous devrez nous faire confiance? Qui sommes-nous ? Rise \u2019Up communication est une SARL unipersonnelle \u00e9voluant dans la communication et le marketing en Guin\u00e9e depuis 2016.\u00a0 Elle est situ\u00e9e \u00e0 Conakry, commune de Lambanyi, pr\u00e8s de la station Shell Immeuble Laboratoire Dr YALANI. Elle est compos\u00e9e d&rsquo;une \u00e9quipe de jeunes cadres dynamiques, polyvalents et [&hellip;]<\/p>\n","protected":false},"author":1,"featured_media":0,"parent":0,"menu_order":0,"comment_status":"closed","ping_status":"closed","template":"","meta":{"_crdt_document":"","advanced_seo_description":"","jetpack_seo_html_title":"","jetpack_seo_noindex":false,"jetpack_post_was_ever_published":false,"footnotes":""},"class_list":["post-791","page","type-page","status-publish","hentry"],"jetpack-related-posts":[],"jetpack_shortlink":"https:\/\/wp.me\/PeCXML-cL","jetpack_sharing_enabled":true,"_links":{"self":[{"href":"https:\/\/riseup-gn.com\/index.php\/wp-json\/wp\/v2\/pages\/791","targetHints":{"allow":["GET"]}}],"collection":[{"href":"https:\/\/riseup-gn.com\/index.php\/wp-json\/wp\/v2\/pages"}],"about":[{"href":"https:\/\/riseup-gn.com\/index.php\/wp-json\/wp\/v2\/types\/page"}],"author":[{"embeddable":true,"href":"https:\/\/riseup-gn.com\/index.php\/wp-json\/wp\/v2\/users\/1"}],"replies":[{"embeddable":true,"href":"https:\/\/riseup-gn.com\/index.php\/wp-json\/wp\/v2\/comments?post=791"}],"version-history":[{"count":10,"href":"https:\/\/riseup-gn.com\/index.php\/wp-json\/wp\/v2\/pages\/791\/revisions"}],"predecessor-version":[{"id":1972,"href":"https:\/\/riseup-gn.com\/index.php\/wp-json\/wp\/v2\/pages\/791\/revisions\/1972"}],"wp:attachment":[{"href":"https:\/\/riseup-gn.com\/index.php\/wp-json\/wp\/v2\/media?parent=791"}],"curies":[{"name":"wp","href":"https:\/\/api.w.org\/{rel}","templated":true}]}}